{"id":19,"date":"2010-12-17T13:14:57","date_gmt":"2010-12-17T13:14:57","guid":{"rendered":"http:\/\/www.kortjakje.be\/publiek"},"modified":"2025-12-13T13:53:49","modified_gmt":"2025-12-13T13:53:49","slug":"lessen","status":"publish","type":"page","link":"https:\/\/www.kortjakje.be\/publiek\/educatie\/lessen","title":{"rendered":"Lessen"},"content":{"rendered":"\t\t<div data-elementor-type=\"wp-page\" data-elementor-id=\"19\" class=\"elementor elementor-19\">\n\t\t\t\t\t\t<div class=\"elementor-inner\">\n\t\t\t\t<div class=\"elementor-section-wrap\">\n\t\t\t\t\t\t\t\t\t<section class=\"elementor-section elementor-top-section elementor-element elementor-element-386d34f7 elementor-section-boxed elementor-section-height-default elementor-section-height-default\" data-id=\"386d34f7\" data-element_type=\"section\">\n\t\t\t\t\t\t<div class=\"elementor-container elementor-column-gap-default\">\n\t\t\t\t\t\t\t<div class=\"elementor-row\">\n\t\t\t\t\t<div class=\"elementor-column elementor-col-100 elementor-top-column elementor-element elementor-element-51d987a\" data-id=\"51d987a\" data-element_type=\"column\">\n\t\t\t<div class=\"elementor-column-wrap elementor-element-populated\">\n\t\t\t\t\t\t\t<div class=\"elementor-widget-wrap\">\n\t\t\t\t\t\t<div class=\"elementor-element elementor-element-50a02839 elementor-widget elementor-widget-text-editor\" data-id=\"50a02839\" data-element_type=\"widget\" data-widget_type=\"text-editor.default\">\n\t\t\t\t<div class=\"elementor-widget-container\">\n\t\t\t\t\t\t\t\t<div class=\"elementor-text-editor elementor-clearfix\">\n\t\t\t\t<p><span style=\"color: #ff9933; font-weight: bold;\">\u00bb MUZIEKONDERRICHT<\/span><br \/>Vanaf vier jaar: viool of cello. De lessen worden gegeven volgens de Suzuki-methode.<\/p><p><span style=\"color: #ff9933; font-weight: bold;\">\u00bb INDIVIDUELE LES<\/span><br \/>Wekelijks \u00e9\u00e9n individuele les van 30 minuten. Deze les wordt actief gevolgd door \u00e9\u00e9n van de ouders.<\/p><p><span style=\"color: #ff9933; font-weight: bold;\">\u00bb GROEPSLES<\/span><br \/>Iedere week musiceren de kinderen in kleine groepjes. Er zijn een tiental speelniveaus ongeacht de leeftijd.<\/p><p><span style=\"color: #ff9933; font-weight: bold;\">\u00bb Children&#8217;s Music Laboratory (CML)<\/span><br \/>Melodie, harmonie en ritme worden aangeleerd via de \u201cSuzuki liedjes\u201d.<\/p><p><span style=\"color: #ff9933; font-weight: bold;\">\u00bb CONCERTEN<\/span><br \/>Iedere leerling speelt meerdere concerten per jaar.<\/p><p><span style=\"color: #44baba; font-weight: bold;\">De lesgelden bedragen maandelijks (met uitzondering van juli en augustus):<\/span><\/p><p><span style=\"color: #ff9933; font-weight: bold;\">\u20ac 115,00 per maand<\/span>\u00a0voor een leerling die niet aangesloten is bij het Deeltijds Kunstonderwijs bij zijn respectievelijke leraar. In dit pakket is begrepen: \u00e9\u00e9n individuele les, groepsles, ouderles (gedurende het eerste jaar) en ritmische vorming.<\/p><p><span style=\"color: #ff9933; font-weight: bold;\">\u20ac 53,00 per maand <\/span>voor de leerlingen van het Deeltijds Kunstonderwijs voor het volgen van groepslessen en repetities. Het aantal uren van deze repetities is afhankelijk van het niveau. Vanaf 8 jaar of derde leerjaar kunnen leerlingen zich inschrijven in de stedelijke academie te Lier, alwaar ze de individuele lessen bij dezelfde leraar verder kunnen volgen in combinatie met notenleer. De mogelijkheid om in te schrijven in de academie van Lier geldt alleen voor de violisten.<\/p><p>Het lesgeld is jaarlijks indexeerbaar en kan enkel via domicili\u00ebring betaald worden.<\/p>\t\t\t\t\t<\/div>\n\t\t\t\t\t\t<\/div>\n\t\t\t\t<\/div>\n\t\t\t\t\t\t<\/div>\n\t\t\t\t\t<\/div>\n\t\t<\/div>\n\t\t\t\t\t\t\t\t<\/div>\n\t\t\t\t\t<\/div>\n\t\t<\/section>\n\t\t\t\t\t\t\t\t\t<\/div>\n\t\t\t<\/div>\n\t\t\t\t\t<\/div>\n\t\t","protected":false},"excerpt":{"rendered":"<p>\u00bb MUZIEKONDERRICHTVanaf vier jaar: viool of cello. De lessen worden gegeven volgens de Suzuki-methode. \u00bb INDIVIDUELE LESWekelijks \u00e9\u00e9n individuele les van 30 minuten. Deze les wordt actief gevolgd door \u00e9\u00e9n van de ouders. \u00bb GROEPSLESIedere week musiceren de kinderen in &hellip; <a href=\"https:\/\/www.kortjakje.be\/publiek\/educatie\/lessen\">Continue reading <span class=\"meta-nav\">&rarr;<\/span><\/a><\/p>\n","protected":false},"author":1,"featured_media":60,"parent":13,"menu_order":0,"comment_status":"closed","ping_status":"open","template":"","meta":{"ngg_post_thumbnail":0},"_links":{"self":[{"href":"https:\/\/www.kortjakje.be\/publiek\/wp-json\/wp\/v2\/pages\/19"}],"collection":[{"href":"https:\/\/www.kortjakje.be\/publiek\/wp-json\/wp\/v2\/pages"}],"about":[{"href":"https:\/\/www.kortjakje.be\/publiek\/wp-json\/wp\/v2\/types\/page"}],"author":[{"embeddable":true,"href":"https:\/\/www.kortjakje.be\/publiek\/wp-json\/wp\/v2\/users\/1"}],"replies":[{"embeddable":true,"href":"https:\/\/www.kortjakje.be\/publiek\/wp-json\/wp\/v2\/comments?post=19"}],"version-history":[{"count":41,"href":"https:\/\/www.kortjakje.be\/publiek\/wp-json\/wp\/v2\/pages\/19\/revisions"}],"predecessor-version":[{"id":1957,"href":"https:\/\/www.kortjakje.be\/publiek\/wp-json\/wp\/v2\/pages\/19\/revisions\/1957"}],"up":[{"embeddable":true,"href":"https:\/\/www.kortjakje.be\/publiek\/wp-json\/wp\/v2\/pages\/13"}],"wp:featuredmedia":[{"embeddable":true,"href":"https:\/\/www.kortjakje.be\/publiek\/wp-json\/wp\/v2\/media\/60"}],"wp:attachment":[{"href":"https:\/\/www.kortjakje.be\/publiek\/wp-json\/wp\/v2\/media?parent=19"}],"curies":[{"name":"wp","href":"https:\/\/api.w.org\/{rel}","templated":true}]}}